{"id":269,"date":"2017-11-06T14:16:33","date_gmt":"2017-11-06T14:16:33","guid":{"rendered":"http:\/\/bridge103.qodeinteractive.com\/?page_id=5"},"modified":"2021-07-27T10:17:57","modified_gmt":"2021-07-27T10:17:57","slug":"homepage","status":"publish","type":"page","link":"https:\/\/www.cureyou.nl\/","title":{"rendered":"Homepage"},"content":{"rendered":"<p>[vc_row css_animation=&#8221;&#8221; row_type=&#8221;row&#8221; use_row_as_full_screen_section=&#8221;no&#8221; type=&#8221;full_width&#8221; header_style=&#8221;dark&#8221; angled_section=&#8221;no&#8221; text_align=&#8221;left&#8221; background_image_as_pattern=&#8221;without_pattern&#8221; css=&#8221;.vc_custom_1591708993216{background-color: #151729 !important;}&#8221; z_index=&#8221;&#8221; anchor=&#8221;home&#8221;][vc_column][rev_slider_vc alias=&#8221;home&#8221;][\/vc_column][\/vc_row][vc_row css_animation=&#8221;&#8221; row_type=&#8221;row&#8221; use_row_as_full_screen_section=&#8221;no&#8221; type=&#8221;full_width&#8221; angled_section=&#8221;no&#8221; text_align=&#8221;left&#8221; background_image_as_pattern=&#8221;without_pattern&#8221; css=&#8221;.vc_custom_1591708841330{padding-top: 5% !important;padding-bottom: 5% !important;}&#8221; z_index=&#8221;&#8221; anchor=&#8221;cureyou&#8221;][vc_column][vc_row_inner row_type=&#8221;row&#8221; type=&#8221;full_width&#8221; text_align=&#8221;left&#8221; css_animation=&#8221;&#8221;][vc_column_inner width=&#8221;1\/6&#8243;][\/vc_column_inner][vc_column_inner width=&#8221;2\/3&#8243;][vc_column_text]<\/p>\n<h2 style=\"text-align: center;\">CureYou<\/h2>\n<p>[\/vc_column_text][vc_column_text]<\/p>\n<p style=\"text-align: center;\">Middels het online platform CureYou kun je hartpati\u00ebnten op een interactieve manier van kennis voorzien, op afstand begeleiden en ze zelfstandig helpen naar een betere leefstijl.<\/p>\n<p>[\/vc_column_text][\/vc_column_inner][vc_column_inner width=&#8221;1\/6&#8243;][\/vc_column_inner][\/vc_row_inner][\/vc_column][\/vc_row][vc_row css_animation=&#8221;&#8221; row_type=&#8221;row&#8221; use_row_as_full_screen_section=&#8221;no&#8221; type=&#8221;grid&#8221; angled_section=&#8221;no&#8221; text_align=&#8221;center&#8221; background_image_as_pattern=&#8221;without_pattern&#8221; z_index=&#8221;&#8221; css=&#8221;.vc_custom_1591703400368{padding-top: 5% !important;padding-bottom: 5% !important;}&#8221;][vc_column width=&#8221;1\/6&#8243;][\/vc_column][vc_column width=&#8221;2\/3&#8243;][vc_column_text]<\/p>\n<h2 style=\"text-align: center;\">Leefstijlmodules<\/h2>\n<p>[\/vc_column_text][vc_column_text]<\/p>\n<div style=\"text-align: center;\">Selecteer per pati\u00ebnt welke leefstijlmodules van toepassing zijn. Hiermee geef je de pati\u00ebnt op het juiste moment de benodigde informatie. De modules zijn voorzien van vragen en tips maar ook informatieve video&#8217;s en presentaties.<\/div>\n<p>[\/vc_column_text][vc_empty_space]<div class=\"qode-advanced-image-gallery  qode-aig-carousel-type qode-large-space   \">\n\t<div class=\"qode-aig-slider qode-owl-slider\" data-number-of-items=\"5\" data-enable-loop=\"yes\" data-enable-autoplay=\"yes\" data-slider-speed=\"5000\" data-slider-speed-animation=\"600\" data-slider-padding=\"no\" data-enable-navigation=\"no\" data-enable-pagination=\"yes\">\n\t\t\t\t\t<div class=\"qode-aig-image\">\n\t\t\t\t\t\t\t\t\t<img width=\"386\" height=\"774\" src=\"https:\/\/www.cureyou.nl\/wp-content\/uploads\/2020\/06\/Screenshot1.png\" class=\"attachment-full size-full\" alt=\"\" decoding=\"async\" loading=\"lazy\" srcset=\"https:\/\/www.cureyou.nl\/wp-content\/uploads\/2020\/06\/Screenshot1.png 386w, https:\/\/www.cureyou.nl\/wp-content\/uploads\/2020\/06\/Screenshot1-150x300.png 150w\" sizes=\"(max-width: 386px) 100vw, 386px\" \/>\t\t\t\t\t<span class=\"aig-gallery-hover\">\n\t\t\t\t\t\t\t\t\t\t\t<\/span>\n\t\t\t\t\t\t\t<\/div>\n\t\t\t\t\t<div class=\"qode-aig-image\">\n\t\t\t\t\t\t\t\t\t<img width=\"386\" height=\"774\" src=\"https:\/\/www.cureyou.nl\/wp-content\/uploads\/2020\/06\/Screenshot2.png\" class=\"attachment-full size-full\" alt=\"\" decoding=\"async\" loading=\"lazy\" srcset=\"https:\/\/www.cureyou.nl\/wp-content\/uploads\/2020\/06\/Screenshot2.png 386w, https:\/\/www.cureyou.nl\/wp-content\/uploads\/2020\/06\/Screenshot2-150x300.png 150w\" sizes=\"(max-width: 386px) 100vw, 386px\" \/>\t\t\t\t\t<span class=\"aig-gallery-hover\">\n\t\t\t\t\t\t\t\t\t\t\t<\/span>\n\t\t\t\t\t\t\t<\/div>\n\t\t\t\t\t<div class=\"qode-aig-image\">\n\t\t\t\t\t\t\t\t\t<img width=\"386\" height=\"774\" src=\"https:\/\/www.cureyou.nl\/wp-content\/uploads\/2020\/06\/Screenshot4.png\" class=\"attachment-full size-full\" alt=\"\" decoding=\"async\" loading=\"lazy\" srcset=\"https:\/\/www.cureyou.nl\/wp-content\/uploads\/2020\/06\/Screenshot4.png 386w, https:\/\/www.cureyou.nl\/wp-content\/uploads\/2020\/06\/Screenshot4-150x300.png 150w\" sizes=\"(max-width: 386px) 100vw, 386px\" \/>\t\t\t\t\t<span class=\"aig-gallery-hover\">\n\t\t\t\t\t\t\t\t\t\t\t<\/span>\n\t\t\t\t\t\t\t<\/div>\n\t\t\t\t\t<div class=\"qode-aig-image\">\n\t\t\t\t\t\t\t\t\t<img width=\"386\" height=\"774\" src=\"https:\/\/www.cureyou.nl\/wp-content\/uploads\/2020\/06\/Screenshot3.png\" class=\"attachment-full size-full\" alt=\"\" decoding=\"async\" loading=\"lazy\" srcset=\"https:\/\/www.cureyou.nl\/wp-content\/uploads\/2020\/06\/Screenshot3.png 386w, https:\/\/www.cureyou.nl\/wp-content\/uploads\/2020\/06\/Screenshot3-150x300.png 150w\" sizes=\"(max-width: 386px) 100vw, 386px\" \/>\t\t\t\t\t<span class=\"aig-gallery-hover\">\n\t\t\t\t\t\t\t\t\t\t\t<\/span>\n\t\t\t\t\t\t\t<\/div>\n\t\t\t\t\t<div class=\"qode-aig-image\">\n\t\t\t\t\t\t\t\t\t<img width=\"386\" height=\"774\" src=\"https:\/\/www.cureyou.nl\/wp-content\/uploads\/2020\/06\/Screenshot5.png\" class=\"attachment-full size-full\" alt=\"\" decoding=\"async\" loading=\"lazy\" srcset=\"https:\/\/www.cureyou.nl\/wp-content\/uploads\/2020\/06\/Screenshot5.png 386w, https:\/\/www.cureyou.nl\/wp-content\/uploads\/2020\/06\/Screenshot5-150x300.png 150w\" sizes=\"(max-width: 386px) 100vw, 386px\" \/>\t\t\t\t\t<span class=\"aig-gallery-hover\">\n\t\t\t\t\t\t\t\t\t\t\t<\/span>\n\t\t\t\t\t\t\t<\/div>\n\t\t\t\t\t<div class=\"qode-aig-image\">\n\t\t\t\t\t\t\t\t\t<img width=\"386\" height=\"774\" src=\"https:\/\/www.cureyou.nl\/wp-content\/uploads\/2020\/06\/Screenshot6.png\" class=\"attachment-full size-full\" alt=\"\" decoding=\"async\" loading=\"lazy\" srcset=\"https:\/\/www.cureyou.nl\/wp-content\/uploads\/2020\/06\/Screenshot6.png 386w, https:\/\/www.cureyou.nl\/wp-content\/uploads\/2020\/06\/Screenshot6-150x300.png 150w\" sizes=\"(max-width: 386px) 100vw, 386px\" \/>\t\t\t\t\t<span class=\"aig-gallery-hover\">\n\t\t\t\t\t\t\t\t\t\t\t<\/span>\n\t\t\t\t\t\t\t<\/div>\n\t\t\t<\/div>\n<\/div>[\/vc_column][vc_column width=&#8221;1\/6&#8243;][\/vc_column][\/vc_row][vc_row css_animation=&#8221;&#8221; row_type=&#8221;row&#8221; use_row_as_full_screen_section=&#8221;no&#8221; type=&#8221;grid&#8221; angled_section=&#8221;no&#8221; text_align=&#8221;left&#8221; background_image_as_pattern=&#8221;without_pattern&#8221; anchor=&#8221;gebruiksgemak&#8221; css=&#8221;.vc_custom_1591708646956{margin-right: 4.5% !important;margin-left: 4.5% !important;padding-top: 5% !important;padding-bottom: 5% !important;}&#8221; z_index=&#8221;&#8221;][vc_column width=&#8221;1\/2&#8243;][vc_column_text]<\/p>\n<h2 style=\"text-align: left;\">Gebruiksgemak<\/h2>\n<p>[\/vc_column_text][vc_empty_space][vc_column_text]<\/p>\n<p style=\"text-align: left;\">Het ziekenhuis werkt vanuit een online omgeving waar pati\u00ebnten worden aangemeld en leefstijlmodules per pati\u00ebnt worden geactiveerd. Er zijn opties binnen het platform die ervoor zorgen dat de pati\u00ebnt op het juiste moment van de juiste informatie of vragen wordt voorzien.<\/p>\n<p>[\/vc_column_text][vc_column_text]<\/p>\n<h2 style=\"text-align: left;\">Altijd\u00a0Inzicht<\/h2>\n<p>[\/vc_column_text][vc_column_text]<\/p>\n<p style=\"text-align: left;\">Met het dashboard heb je altijd direct inzicht in de voortgang van je pati\u00ebnten. Zo kun je bijvoorbeeld zien hoe ver ze zijn met de leefstijl-modules. Dit geeft inzicht in de kwaliteit van de modules \u00e9n de pati\u00ebntbetrokkenheid.<\/p>\n<p>[\/vc_column_text][vc_empty_space][\/vc_column][vc_column width=&#8221;1\/2&#8243;][vc_single_image image=&#8221;484&#8243; img_size=&#8221;full&#8221; qode_css_animation=&#8221;element_from_left&#8221; css=&#8221;.vc_custom_1591713570848{margin-right: 0px !important;margin-left: 0px !important;padding-top: 0px !important;padding-right: 0px !important;padding-bottom: 0px !important;padding-left: 0px !important;}&#8221;][\/vc_column][\/vc_row][vc_row css_animation=&#8221;&#8221; row_type=&#8221;row&#8221; use_row_as_full_screen_section=&#8221;no&#8221; type=&#8221;grid&#8221; angled_section=&#8221;no&#8221; text_align=&#8221;left&#8221; background_image_as_pattern=&#8221;without_pattern&#8221; css=&#8221;.vc_custom_1591703388583{padding-top: 5% !important;padding-bottom: 5% !important;}&#8221; z_index=&#8221;&#8221;][vc_column width=&#8221;1\/6&#8243;][\/vc_column][vc_column width=&#8221;2\/3&#8243;][vc_column_text]<\/p>\n<h2 style=\"text-align: center;\">Blended\u00a0Future<\/h2>\n<p>[\/vc_column_text][vc_column_text]<\/p>\n<div style=\"text-align: center;\">Blended care is een combinatie tussen traditionele\u00a0face-to-face behandelingen en online hulpverlening.\u00a0Door goed aan te sluiten op de verschillende behoeftes van de pati\u00ebnt zal dit het zorgproces niet alleen versnellen, maar ook de kwaliteit verbeteren.<\/div>\n<p>[\/vc_column_text][\/vc_column][vc_column width=&#8221;1\/6&#8243;][\/vc_column][\/vc_row][vc_row css_animation=&#8221;&#8221; row_type=&#8221;row&#8221; use_row_as_full_screen_section=&#8221;no&#8221; type=&#8221;grid&#8221; angled_section=&#8221;no&#8221; text_align=&#8221;left&#8221; background_image_as_pattern=&#8221;without_pattern&#8221; z_index=&#8221;&#8221; css=&#8221;.vc_custom_1591703367615{padding-top: 5% !important;padding-bottom: 5% !important;}&#8221;][vc_column width=&#8221;1\/2&#8243;][vc_single_image image=&#8221;486&#8243; img_size=&#8221;large&#8221; qode_css_animation=&#8221;element_from_right&#8221; css=&#8221;.vc_custom_1591714933086{margin-right: 0px !important;margin-left: 0px !important;padding-top: 0px !important;padding-right: 0px !important;padding-bottom: 0px !important;padding-left: 0px !important;}&#8221;][\/vc_column][vc_column width=&#8221;1\/2&#8243;][vc_column_text]<\/p>\n<h2 style=\"text-align: left;\">Revalidatie<\/h2>\n<p>[\/vc_column_text][vc_column_text]<\/p>\n<div>\n<p style=\"text-align: left;\">De app heeft een beveiligde beeldbelfunctie die het mogelijk maakt om een snelle thuisrevalidatie te starten met meerdere\u00a0pati\u00ebnten tegelijk. Voor deze thuisrevalidatie is een protocol beschikbaar met oefeningen en richtlijnen. Verschillende disciplines kunnen op deze manier contact onderhouden met de pati\u00ebnt.<\/p>\n<\/div>\n<p>[\/vc_column_text][\/vc_column][\/vc_row][vc_row css_animation=&#8221;&#8221; row_type=&#8221;row&#8221; use_row_as_full_screen_section=&#8221;no&#8221; type=&#8221;grid&#8221; angled_section=&#8221;no&#8221; text_align=&#8221;left&#8221; background_image_as_pattern=&#8221;without_pattern&#8221; anchor=&#8221;eigenhuisstijl&#8221; css=&#8221;.vc_custom_1591708703534{margin-right: 4.5% !important;margin-left: 4.5% !important;padding-top: 5% !important;padding-bottom: 5% !important;}&#8221; z_index=&#8221;&#8221;][vc_column width=&#8221;1\/2&#8243;][vc_column_text]<\/p>\n<h2 style=\"text-align: left;\">Eigen huisstijl<\/h2>\n<p>[\/vc_column_text][vc_column_text]<\/p>\n<p style=\"text-align: left;\">De omgeving en app kunnen volledig in de huisstijl van het ziekenhuis gemaakt worden, wat de pati\u00ebntbeleving zo optimaal mogelijk maakt.<\/p>\n<p>[\/vc_column_text][vc_empty_space][vc_column_text]<\/p>\n<h2 style=\"text-align: left;\">Features<\/h2>\n<p>[\/vc_column_text]<div class='q_list circle'><\/p>\n<ul>\n<li>\u00a0Leefstijlmodules<\/li>\n<li>\u00a0Informatieve presentaties<\/li>\n<li>\u00a0Foto\u2019s en Video\u2019s<\/li>\n<li>\u00a0Vragen en tips<\/li>\n<li>\u00a0Live groepssessies<\/li>\n<li>\u00a0E-consult en revalidatie op afstand<\/li>\n<li>\u00a0Lotgenotencontact op afstand<\/li>\n<\/ul>\n<p><\/div>[\/vc_column][vc_column width=&#8221;1\/2&#8243;][vc_single_image image=&#8221;389&#8243; img_size=&#8221;large&#8221; qode_css_animation=&#8221;element_from_right&#8221; css=&#8221;.vc_custom_1591173814949{margin-right: 0px !important;margin-left: 0px !important;padding-top: 0px !important;padding-right: 0px !important;padding-bottom: 0px !important;padding-left: 0px !important;}&#8221;][\/vc_column][\/vc_row][vc_row css_animation=&#8221;&#8221; row_type=&#8221;row&#8221; use_row_as_full_screen_section=&#8221;no&#8221; type=&#8221;grid&#8221; in_content_menu=&#8221;in_content_menu&#8221; content_menu_icon=&#8221;&#8221; angled_section=&#8221;no&#8221; text_align=&#8221;center&#8221; background_image_as_pattern=&#8221;without_pattern&#8221; z_index=&#8221;&#8221; anchor=&#8221;contact&#8221; css=&#8221;.vc_custom_1609249987564{padding-top: 5% !important;padding-bottom: 5% !important;}&#8221;][vc_column][vc_column_text]<\/p>\n<h2 style=\"text-align: center;\">Contact<\/h2>\n<p>[\/vc_column_text][vc_column_text]<\/p>\n<div style=\"text-align: center;\">\u00a0CureYou<\/div>\n<div style=\"text-align: center;\">\u00a0Kotkampweg 65<\/div>\n<div style=\"text-align: center;\">\u00a07531 AS Enschede<\/div>\n<div style=\"text-align: center;\">\u00a0info@cureyou.nl<\/div>\n<p>[\/vc_column_text]<span class='q_social_icon_holder circle_social' data-color=#ffffff data-hover-background-color=#8b734a ><a itemprop='url' href='https:\/\/www.linkedin.com\/company\/cureyou' target='_blank'><span class='fa-stack fa-lg' style='background-color: #d0287c;'><i class=\"qode_icon_font_awesome fa fa-linkedin \" style=\"color: #ffffff;\" ><\/i><\/span><\/a><\/span>[\/vc_column][\/vc_row][vc_row css_animation=&#8221;&#8221; row_type=&#8221;row&#8221; use_row_as_full_screen_section=&#8221;no&#8221; type=&#8221;full_width&#8221; angled_section=&#8221;no&#8221; text_align=&#8221;left&#8221; background_image_as_pattern=&#8221;without_pattern&#8221;][vc_column width=&#8221;1\/6&#8243;][\/vc_column][vc_column width=&#8221;2\/3&#8243;][vc_column_text]<\/p>\n<h3 style=\"text-align: center;\">Contactformulier<\/h3>\n<p>[\/vc_column_text][vc_column_text]<\/p>\n<p style=\"text-align: center;\">Bij interesse of vragen kunt u het onderstaand contactformulier invullen. Wij nemen dan zo spoedig mogelijk contact met u op.<\/p>\n<p>[\/vc_column_text][vc_empty_space][vc_raw_html]JTVCZm9ybWluYXRvcl9mb3JtJTIwaWQlM0QlMjI1MDYlMjIlNUQ=[\/vc_raw_html][\/vc_column][vc_column width=&#8221;1\/6&#8243;][\/vc_column][\/vc_row]<\/p>\n","protected":false},"excerpt":{"rendered":"<p>[vc_row css_animation=&#8221;&#8221; row_type=&#8221;row&#8221; use_row_as_full_screen_section=&#8221;no&#8221; type=&#8221;full_width&#8221; header_style=&#8221;dark&#8221; angled_section=&#8221;no&#8221; text_align=&#8221;left&#8221; background_image_as_pattern=&#8221;without_pattern&#8221; css=&#8221;.vc_custom_1591708993216{background-color: #151729 !important;}&#8221; z_index=&#8221;&#8221; anchor=&#8221;home&#8221;][vc_column][rev_slider_vc alias=&#8221;home&#8221;][\/vc_column][\/vc_row][vc_row css_animation=&#8221;&#8221; row_type=&#8221;row&#8221; use_row_as_full_screen_section=&#8221;no&#8221; type=&#8221;full_width&#8221; angled_section=&#8221;no&#8221; text_align=&#8221;left&#8221; background_image_as_pattern=&#8221;without_pattern&#8221; css=&#8221;.vc_custom_1591708841330{padding-top: 5% !important;padding-bottom: 5% !important;}&#8221; z_index=&#8221;&#8221; anchor=&#8221;cureyou&#8221;][vc_column][vc_row_inner row_type=&#8221;row&#8221; type=&#8221;full_width&#8221; text_align=&#8221;left&#8221; css_animation=&#8221;&#8221;][vc_column_inner width=&#8221;1\/6&#8243;][\/vc_column_inner][vc_column_inner width=&#8221;2\/3&#8243;][vc_column_text] CureYou [\/vc_column_text][vc_column_text] Middels het online platform CureYou kun je hartpati\u00ebnten&#8230;<\/p>\n","protected":false},"author":1,"featured_media":0,"parent":0,"menu_order":0,"comment_status":"closed","ping_status":"closed","template":"","meta":[],"_links":{"self":[{"href":"https:\/\/www.cureyou.nl\/index.php?rest_route=\/wp\/v2\/pages\/269"}],"collection":[{"href":"https:\/\/www.cureyou.nl\/index.php?rest_route=\/wp\/v2\/pages"}],"about":[{"href":"https:\/\/www.cureyou.nl\/index.php?rest_route=\/wp\/v2\/types\/page"}],"author":[{"embeddable":true,"href":"https:\/\/www.cureyou.nl\/index.php?rest_route=\/wp\/v2\/users\/1"}],"replies":[{"embeddable":true,"href":"https:\/\/www.cureyou.nl\/index.php?rest_route=%2Fwp%2Fv2%2Fcomments&post=269"}],"version-history":[{"count":186,"href":"https:\/\/www.cureyou.nl\/index.php?rest_route=\/wp\/v2\/pages\/269\/revisions"}],"predecessor-version":[{"id":510,"href":"https:\/\/www.cureyou.nl\/index.php?rest_route=\/wp\/v2\/pages\/269\/revisions\/510"}],"wp:attachment":[{"href":"https:\/\/www.cureyou.nl\/index.php?rest_route=%2Fwp%2Fv2%2Fmedia&parent=269"}],"curies":[{"name":"wp","href":"https:\/\/api.w.org\/{rel}","templated":true}]}}